{"id":91,"date":"2012-12-01T12:50:37","date_gmt":"2012-12-01T11:50:37","guid":{"rendered":"http:\/\/www.osteopathie-wirthwein.de\/wordpress\/?page_id=91"},"modified":"2019-07-29T12:45:52","modified_gmt":"2019-07-29T11:45:52","slug":"osteopathie","status":"publish","type":"page","link":"https:\/\/www.osteopathie-wirthwein.de\/?page_id=91","title":{"rendered":"Osteopathie"},"content":{"rendered":"<p>Vor \u00fcber 130 Jahren entdeckte der amerikanische Arzt Andrew Taylor Still die Prinzipien der Osteopathie und begr\u00fcndete damit eine neue Medizin. Seit jener Zeit hat sich die Osteopathie kontinuierlich weiterentwickelt, in den USA, ebenso wie in Europa und anderen Teilen der Welt.<\/p>\n<p>Der Ansatz der Osteopathie ist einfach: Leben zeigt sich in Form von Bewegung. Dort wo Bewegung verhindert wird, macht sich Krankheit breit. Die Osteopathie kennt alle kleinen und gro\u00dfen Bewegungen des menschlichen K\u00f6rpers. Sie hilft Bewegungseinschr\u00e4nkungen aufzusp\u00fcren und zu l\u00f6sen.<\/p>\n<p>Unser K\u00f6rper ist st\u00e4ndig in Bewegung. Jede einzelne Struktur an ihm bewegt sich und f\u00fchrt dabei ihre ganz eigene Funktion aus. Die Osteopathie nutzt diesen Zusammenhang. Anhand der jeweiligen Bewegung erkennt ein Osteopath, ob eine Struktur auch richtig funktioniert.<\/p>\n<p>Dabei betrachtet die Osteopathie den menschlichen K\u00f6rper immer als untrennbare Einheit. Erst das Zusammenspiel der einzelnen Strukturen erm\u00f6glichen dem Organismus als Ganzes zu funktionieren.<\/p>\n<p>Heilen kann ein Osteopath nicht &#8211; genauso wenig wie ein Schulmediziner. Das verm\u00f6gen nur die k\u00f6rpereigenen Selbstheilungskr\u00e4fte des Patienten. Ihnen bestm\u00f6glich zu helfen ist die eigentliche Aufgabe der Osteopathie.<\/p>\n<p>Ben\u00f6tigt ein Schulmediziner hierf\u00fcr Apparate und Medikamente, so benutzt ein Osteopath vorwiegend seine H\u00e4nde. Als feinf\u00fchlige und jahrelang geschulte Instrumente kann er mit ihnen Funktionsst\u00f6rungen erkennen und osteopathisch behandeln.<\/p>\n<p>Aufgrund ihres eigenen Ansatzes kann die Osteopathie bei zahlreichen Beschwerden oft wirksam helfen. Dennoch ist sie kein Allheilmittel, sondern eine die Schulmedizin erg\u00e4nzende Form der Medizin.<\/p>\n<p>&nbsp;<\/p>\n","protected":false},"excerpt":{"rendered":"<p>Vor \u00fcber 130 Jahren entdeckte der amerikanische Arzt Andrew Taylor Still die Prinzipien der Osteopathie und begr\u00fcndete damit eine neue Medizin. Seit jener Zeit hat sich die Osteopathie kontinuierlich weiterentwickelt, in den USA, ebenso wie in Europa und anderen Teilen der Welt. Der Ansatz der Osteopathie ist einfach: Leben zeigt sich in Form von Bewegung. &hellip; <a href=\"https:\/\/www.osteopathie-wirthwein.de\/?page_id=91\" class=\"more-link\"><span class=\"screen-reader-text\">Osteopathie<\/span> weiterlesen <span class=\"meta-nav\">&rarr;<\/span><\/a><\/p>\n","protected":false},"author":4,"featured_media":0,"parent":88,"menu_order":0,"comment_status":"closed","ping_status":"closed","template":"","meta":{"ngg_post_thumbnail":0,"footnotes":""},"class_list":["post-91","page","type-page","status-publish","hentry"],"_links":{"self":[{"href":"https:\/\/www.osteopathie-wirthwein.de\/index.php?rest_route=\/wp\/v2\/pages\/91","targetHints":{"allow":["GET"]}}],"collection":[{"href":"https:\/\/www.osteopathie-wirthwein.de\/index.php?rest_route=\/wp\/v2\/pages"}],"about":[{"href":"https:\/\/www.osteopathie-wirthwein.de\/index.php?rest_route=\/wp\/v2\/types\/page"}],"author":[{"embeddable":true,"href":"https:\/\/www.osteopathie-wirthwein.de\/index.php?rest_route=\/wp\/v2\/users\/4"}],"replies":[{"embeddable":true,"href":"https:\/\/www.osteopathie-wirthwein.de\/index.php?rest_route=%2Fwp%2Fv2%2Fcomments&post=91"}],"version-history":[{"count":2,"href":"https:\/\/www.osteopathie-wirthwein.de\/index.php?rest_route=\/wp\/v2\/pages\/91\/revisions"}],"predecessor-version":[{"id":1106,"href":"https:\/\/www.osteopathie-wirthwein.de\/index.php?rest_route=\/wp\/v2\/pages\/91\/revisions\/1106"}],"up":[{"embeddable":true,"href":"https:\/\/www.osteopathie-wirthwein.de\/index.php?rest_route=\/wp\/v2\/pages\/88"}],"wp:attachment":[{"href":"https:\/\/www.osteopathie-wirthwein.de\/index.php?rest_route=%2Fwp%2Fv2%2Fmedia&parent=91"}],"curies":[{"name":"wp","href":"https:\/\/api.w.org\/{rel}","templated":true}]}}