{"id":652,"date":"2016-01-03T14:29:20","date_gmt":"2016-01-03T13:29:20","guid":{"rendered":"http:\/\/www.osteopathie-wirthwein.de\/?page_id=652"},"modified":"2024-03-23T09:34:48","modified_gmt":"2024-03-23T08:34:48","slug":"gesundheitstipps","status":"publish","type":"page","link":"https:\/\/www.osteopathie-wirthwein.de\/?page_id=652","title":{"rendered":"Gesundheitstipps"},"content":{"rendered":"<p>Die Reinigung der Nieren<\/p>\n<p>Die Nieren sind die einzigen Organe die sich nicht regenerieren k\u00f6nnen. Schon im alten China wusste man um die Besonderheit dieser Organe. Schrieb man zum Einen der linken Niere einen Bezug zum Genetischen, der rechten Niere eine reine Stoffwechselfunktion zu. Die Nieren sind unsere inneren Augen, ein Trockenorgan im Gegensatz zur Leber die ein Feuchtorgan darstellt und in der Nacht alle Fl\u00fcssigkeiten aufsammelt. Ist unsere Leber \u00fcberfordert, nehmen wir unsere Nieren in die Belastung.<\/p>\n<p>&nbsp;<\/p>\n<p>Die Reinigung der Leber<\/p>\n<p>Die Leber zu reinigen ist bedingt durch unsere Lebensweise, sinnvoll.<\/p>\n<p>Sie ist ein Meister der Regeneration. Eine Leber Kur (siehe Webseite) gibt die M\u00f6glichkeit die Regeneration zu unterst\u00fctzen. Weiterhin kann ein Hafer Tag die Leber sehr gut entfetten. Nicht ausschlie\u00dflich \u00dcbergewichtige haben eine Fettleber, sondern auch Normalgewichtige k\u00f6nnen eine Organbelastung zeigen.<\/p>\n<p>&nbsp;<\/p>\n<p>Reinigung des Gewebes<\/p>\n<p>Die einfachste Reinigung bewirkt ionisiertes Wasser.<\/p>\n<p>Sie kochen das Wasser 15-20 Minuten und trinken dann schluckweise \u00fcber den Tag verteilt, m\u00f6glichst hei\u00df, mehrere Tassen. Alternativ gibt es mittlerweile Ger\u00e4te zur Herstellung von sogenanntem basischem Wasser. Es kommt zu einer Reinigung im Tiefengewebe. Das Wasser wird nach dem Kochen in eine Thermoskanne gef\u00fcllt und kann so \u00fcber den Tag verteilt getrunken werden. Ionisiertes Wasser z\u00e4hlt nicht zu Ihrer t\u00e4glichen Trinkmenge, diese sollte je nach K\u00f6rpergewicht und Art der Nahrung 1.5-2.5l betragen.<\/p>\n<p>Da die meisten Toxine positiv geladen sind bindet das ionisierte Wasser Diese auf einfache Weise und entgiftet den K\u00f6rper. So k\u00f6nnen Sie mehrere Kilos verlieren ohne eine besondere Di\u00e4t zumachen. Das so reduzierte Gewicht ist auf die starke Entgiftung zur\u00fcckzuf\u00fchren.<\/p>\n<p>Bentonit und Zeolith<\/p>\n<p>Beide Substanzen binden im K\u00f6rper freiwerdende Gifte und stellen eine solide M\u00f6glichkeit den K\u00f6rper sukzessive von jahrelangen Belastungen zu befreien. Eine Grundvoraussetzung Gesundheit wiederherzustellen und zu erhalten.<\/p>\n<p>Nicht selten resultieren stetige Gewichtzunahmen auf der Anh\u00e4ufung von Toxinen. Diese lagert der K\u00f6rper sinnvoll in den Bindegeweben um so die noblen Strukturen, n\u00e4mlich alle lebenswichtigen Organsysteme, m\u00f6glichst lange zu besch\u00fctzen.<\/p>\n<p>Nehmen Sie t\u00e4glich zur Reinigung ionisiertes Wasser, sowie Bentonit und Zeolith.<\/p>\n<p>Magnesium<\/p>\n<p>Selten&nbsp; untersucht, jedoch h\u00e4ufig im Defizit \u2013 Magnesium.&nbsp; Jeder kennt den Einsatz bei Schmerzen und Verletzungen. Magnesium hat noch viel mehr Aufgaben, denn etwa 360 Stoffwechselvorg\u00e4nge werden durch und mit Magnesium verschaltet. Studien haben ergeben, dass eine vielfach schnellere und bessere Regeneration nach Schlaganf\u00e4llen und Herzinfarkten zustande kommt. Auch die Rehabilitation nach Schlaganf\u00e4llen geschieht h\u00e4ufig&nbsp; schneller und kann bei schneller Verabreichung bis zur Vollst\u00e4ndigen Wiederherstellung f\u00fchren. Ebenso wurde in Studien nachgewiesen, dass die Verabreichung von Magnesium bei Fr\u00fchgeborenen eine deutlich bessere Entwicklung erm\u00f6glicht und die Entstehung von cerebralen Bewegungsst\u00f6rungen&nbsp; um 50 % verhindert werden kann. Die Verabreichung \u00fcber die Haut als Magnesium \u00f6l,&nbsp; sowie die Inhalation k\u00f6nnen sehr gut vertr\u00e4glich&nbsp; der oralen Einnahme vorgezogen werden. Sowohl die Vertr\u00e4glichkeit, als auch die Wirksamkeit&nbsp; ist \u00fcber die Haut besser.<\/p>\n","protected":false},"excerpt":{"rendered":"<p>Die Reinigung der Nieren Die Nieren sind die einzigen Organe die sich nicht regenerieren k\u00f6nnen. Schon im alten China wusste man um die Besonderheit dieser Organe. Schrieb man zum Einen der linken Niere einen Bezug zum Genetischen, der rechten Niere eine reine Stoffwechselfunktion zu. Die Nieren sind unsere inneren Augen, ein Trockenorgan im Gegensatz zur &hellip; <a href=\"https:\/\/www.osteopathie-wirthwein.de\/?page_id=652\" class=\"more-link\"><span class=\"screen-reader-text\">Gesundheitstipps<\/span> weiterlesen <span class=\"meta-nav\">&rarr;<\/span><\/a><\/p>\n","protected":false},"author":2,"featured_media":0,"parent":0,"menu_order":0,"comment_status":"closed","ping_status":"closed","template":"","meta":{"ngg_post_thumbnail":0,"footnotes":""},"class_list":["post-652","page","type-page","status-publish","hentry"],"_links":{"self":[{"href":"https:\/\/www.osteopathie-wirthwein.de\/index.php?rest_route=\/wp\/v2\/pages\/652","targetHints":{"allow":["GET"]}}],"collection":[{"href":"https:\/\/www.osteopathie-wirthwein.de\/index.php?rest_route=\/wp\/v2\/pages"}],"about":[{"href":"https:\/\/www.osteopathie-wirthwein.de\/index.php?rest_route=\/wp\/v2\/types\/page"}],"author":[{"embeddable":true,"href":"https:\/\/www.osteopathie-wirthwein.de\/index.php?rest_route=\/wp\/v2\/users\/2"}],"replies":[{"embeddable":true,"href":"https:\/\/www.osteopathie-wirthwein.de\/index.php?rest_route=%2Fwp%2Fv2%2Fcomments&post=652"}],"version-history":[{"count":4,"href":"https:\/\/www.osteopathie-wirthwein.de\/index.php?rest_route=\/wp\/v2\/pages\/652\/revisions"}],"predecessor-version":[{"id":1391,"href":"https:\/\/www.osteopathie-wirthwein.de\/index.php?rest_route=\/wp\/v2\/pages\/652\/revisions\/1391"}],"wp:attachment":[{"href":"https:\/\/www.osteopathie-wirthwein.de\/index.php?rest_route=%2Fwp%2Fv2%2Fmedia&parent=652"}],"curies":[{"name":"wp","href":"https:\/\/api.w.org\/{rel}","templated":true}]}}