{"id":32,"date":"2012-12-01T00:04:20","date_gmt":"2012-11-30T23:04:20","guid":{"rendered":"http:\/\/www.osteopathie-wirthwein.de\/wordpress\/?page_id=32"},"modified":"2024-03-23T09:04:14","modified_gmt":"2024-03-23T08:04:14","slug":"institut","status":"publish","type":"page","link":"https:\/\/www.osteopathie-wirthwein.de\/?page_id=32","title":{"rendered":"Praxis"},"content":{"rendered":"<p>Osteopathie &#8211; Rimbach<\/p>\n<p>KINDEROSTEOPATHIE &amp; PRIMARISTIC<\/p>\n<p>Behandlung von Babys, Kindern und Jugendlichen, sowie Erwachsenen. Das osteopathische Prinzip bedeutet die Gesamtheit des Menschen zu erfassen, die Urs\u00e4chlichkeit der Beschwerden zu erkennen mit dem Ziel, die Gesundheit wieder herzustellen.<\/p>\n<p>Meine Ideologie ist, finde die Gesundheit.<\/p>\n<p>Mittlerweile bedient sich die osteopathische Praxis vieler filigraner Werkzeuge, die die Bewusstmachung der Symptomatik und M\u00f6glichkeit der Wiederherstellung f\u00fcr den Betroffenen transparent aufzeigen. Dieser muss verstehen warum sich sein K\u00f6rpersystem in einer Dysbalance, oder Dysfunktion befindet, die Beschwerden entstehen lie\u00df.<\/p>\n<p>Neben einer umfangreichen Anamnese und Befunderhebung kl\u00e4ren wir in der ersten Behandlung Ihre Fragen. Anhand des Befundes findet dann die Behandlung statt.<\/p>\n<p>F\u00fcr die Erstbehandlung plane ich ein gr\u00f6\u00dferes Zeitfenster.<\/p>\n<p>Das K\u00f6rpersystem reguliert nach der Behandlung und braucht hierf\u00fcr Zeit, deshalb findet der zweite Termin meist im Abstand von 14 Tagen statt. Sollte noch ein dritter Behandlungstermin n\u00f6tig sein sollte dieser ebenso im Abstand von 2-3 Wochen stattfinden.<\/p>\n<p>Neben der osteopathischen Behandlung kann, so es&nbsp; n\u00f6tig erscheint, ein hom\u00f6opathisches, bez. ein spagyrisches Mittel zur Unterst\u00fctzung eingesetzt werden.<\/p>\n<p>Die Behandlung von Babys und Kleinkindern, sowie die Betreuung der werdenden Mutter, bei Problemen in der Schwangerschaft.<\/p>\n<p>Es hat sich in den vergangenen Jahren als hilfreich erwiesen neben den geburtsvorbereitenden Ma\u00dfnahmen die werdende Mutter unter anderem &nbsp;auch osteopathisch auf die Geburt vorzubereiten.<\/p>\n<p>Die Gr\u00fcnde warum Neugeborenen einer osteopathischen Behandlung zugef\u00fchrt werden sind Probleme beim Stillen, Anpassungsprobleme, wie &nbsp;Erbrechen, unangemessenes Schreien, Verdauungsprobleme, Unruhe, Einschlafprobleme, Haltungsauff\u00e4lligkeiten. Asymmetrien, um nur einige zu erw\u00e4hnen.<\/p>\n<p>Eine Situation die f\u00fcr viele Eltern eine gro\u00dfe Unsicherheit ausl\u00f6st. Hier ist es wichtig gerade den jungen Eltern eine solide Unterst\u00fctzung zu bieten.<\/p>\n<p>Neben der biodynamischen Osteopathie biete ich seit vielen Jahren die M\u00f6glichkeit der primaristischen Therapie f\u00fcr Babys und Kinder an.<\/p>\n<p>Vorz\u00fcge dieser Therapie sind, dass die Mutter lernt Ihr Kind selbst zu behandeln. So hat sie direkten Einfluss auf die Befindlichkeit ihres Babys, was eine tiefe Bindung zwischen Mama und Kind entstehen l\u00e4sst. Das bedeutet, dass auch Auff\u00e4lligkeiten in Muskeltonus und Haltemustern nach der osteopathischen Intervention ideal weiterbehandelt werden, sodass ein minimaler Aufwand an Behandlungen entsteht. Da die Mamas regelm\u00e4\u00dfig zur Anleitung in die Praxis kommen, kann der ideale Zeitpunkt f\u00fcr eine m\u00f6gliche zweite osteopathische Intervention festgelegt werden.<\/p>\n<p>Dieses Angebot erm\u00f6glicht dem Kind eine ideale Entwicklung.<\/p>\n<p>Als junge Krankengymnastin habe ich 1980 diese immer wieder faszinierende Therapie erfahren und bin noch immer beeindruckt \u00fcber die Resultate. So erlebe ich t\u00e4glich wie ideal die Osteopathie durch Primaristic unterst\u00fctzt wird und umgekehrt. Eben zwei ineinandergreifende Ma\u00dfnahmen. Der gesunde Dreh.<\/p>\n<p>Sichtbar und reproduzierbar beginnt ein jedes K\u00f6rpersystem sich in seine Entwicklung zu begeben. Gleichg\u00fcltig wie die Startbedingungen sind, macht jeder eben seine Entwicklung. Wie wunderbar zusehen, wie selbstregulierend dann die Reifung geschehen kann.<\/p>\n<p>So ist die Primaristic mein Begleiter seit \u00fcber 45 Jahren und stellt eine sehr effiziente Fr\u00fchtherapie da. (siehe Artikel auf meiner Seite)<\/p>\n<p>Wenn man nun Osteopathie als eine urs\u00e4chliche Behandlung versteht ist die Primaristic ebenso zutiefst osteopathisch und entspricht dem System der Salutogenese, n\u00e4mlich der Ursache der Gesundheit.<\/p>\n<p>Im Laufe meiner&nbsp; beruflichen Entwicklung haben sich weitere Therapien zu wichtigen Werkzeugen entwickelt und bereichern, weil ich schon immer fach\u00fcbergreifend gedacht und gearbeitet habe, meine Behandlungen. In vielen Masterkursen kamen die Spezialisierung der p\u00e4diatrischen Osteopathie, genau wie das biodynamische Arbeiten und die Methode nach Dr. Phillips, NIS, sowie die weitere Entwicklung des NFI-Systems &nbsp;dazu. Die Kinesiologie, seit vielen Jahren eine beliebte und sehr tief greifende Behandlung, in meiner Praxis h\u00e4ufig bei Schulproblemen eingesetzt, durch die HNC Methode und die systemische Dekodierung erweitert. Die Dunkelfelduntersuchung des Blutes rundet als einzige rein diagnostische Ma\u00dfnahme das Spektrum ab.<\/p>\n<p>Methoden zu kombinieren ist nicht neu und wird in einigen Therapieverfahren, wie NOT, HNC u.v.m. seit Jahrzehnten unterrichtet. Ich selbst habe viele dieser Systeme \u00fcber Jahre praktiziert und mit wachsender Begeisterung weiterentwickelt. Es schien mir nun sinnvoll dieser Entwicklung einen Namen zu geben. So ist der Namen systemische Dekodierung entstanden.<\/p>\n<p>SALUTOGENESE bedeutet&nbsp; Ursache der GESUNDHEIT<br \/>Entwicklung bedeutet stetige Ver\u00e4nderung mit dem Ziel der Koh\u00e4renz, was bedeutet, dass unsere Wunschvorstellung in unserer Realit\u00e4t sichtbar wird. Wir k\u00f6nnen es auch Gl\u00fcck nennen.<br \/>Gelingt dieser Lebensplan, gelten wir als erfolgreich und haben sicher viele Bewunderer. Gelingt dieser Lebensplan nicht, gelten wir als nicht erfolgreich und suchen wahrscheinlich nach dem Erfolgsrezept, oder versuchen andere Konzepte zu kopieren.<\/p>\n<p>Ich finde, Gesundheit bedeutet mehr als Abwesenheit von Beschwerden, n\u00e4mlich F\u00fclle und Wohlergehen auf allen Ebenen unseres Seins.<br \/>So habe ich mir zur Aufgabe gemacht m\u00f6glichst umfangreich den menschlichen K\u00f6rper in seiner Funktion zu verstehen.<br \/>Mein Dank gilt meinen&nbsp; Patienten, die mir Ihr Vertrauen schenken.<\/p>\n<p>&nbsp;Petra Wirthwein<\/p>\n\n\n<p><\/p>\n","protected":false},"excerpt":{"rendered":"<p>Osteopathie &#8211; Rimbach KINDEROSTEOPATHIE &amp; PRIMARISTIC Behandlung von Babys, Kindern und Jugendlichen, sowie Erwachsenen. Das osteopathische Prinzip bedeutet die Gesamtheit des Menschen zu erfassen, die Urs\u00e4chlichkeit der Beschwerden zu erkennen mit dem Ziel, die Gesundheit wieder herzustellen. Meine Ideologie ist, finde die Gesundheit. Mittlerweile bedient sich die osteopathische Praxis vieler filigraner Werkzeuge, die die Bewusstmachung &hellip; <a href=\"https:\/\/www.osteopathie-wirthwein.de\/?page_id=32\" class=\"more-link\"><span class=\"screen-reader-text\">Praxis<\/span> weiterlesen <span class=\"meta-nav\">&rarr;<\/span><\/a><\/p>\n","protected":false},"author":4,"featured_media":0,"parent":0,"menu_order":0,"comment_status":"closed","ping_status":"closed","template":"","meta":{"ngg_post_thumbnail":0,"footnotes":""},"class_list":["post-32","page","type-page","status-publish","hentry"],"_links":{"self":[{"href":"https:\/\/www.osteopathie-wirthwein.de\/index.php?rest_route=\/wp\/v2\/pages\/32","targetHints":{"allow":["GET"]}}],"collection":[{"href":"https:\/\/www.osteopathie-wirthwein.de\/index.php?rest_route=\/wp\/v2\/pages"}],"about":[{"href":"https:\/\/www.osteopathie-wirthwein.de\/index.php?rest_route=\/wp\/v2\/types\/page"}],"author":[{"embeddable":true,"href":"https:\/\/www.osteopathie-wirthwein.de\/index.php?rest_route=\/wp\/v2\/users\/4"}],"replies":[{"embeddable":true,"href":"https:\/\/www.osteopathie-wirthwein.de\/index.php?rest_route=%2Fwp%2Fv2%2Fcomments&post=32"}],"version-history":[{"count":31,"href":"https:\/\/www.osteopathie-wirthwein.de\/index.php?rest_route=\/wp\/v2\/pages\/32\/revisions"}],"predecessor-version":[{"id":1389,"href":"https:\/\/www.osteopathie-wirthwein.de\/index.php?rest_route=\/wp\/v2\/pages\/32\/revisions\/1389"}],"wp:attachment":[{"href":"https:\/\/www.osteopathie-wirthwein.de\/index.php?rest_route=%2Fwp%2Fv2%2Fmedia&parent=32"}],"curies":[{"name":"wp","href":"https:\/\/api.w.org\/{rel}","templated":true}]}}