{"id":26,"date":"2012-11-30T23:55:40","date_gmt":"2012-11-30T22:55:40","guid":{"rendered":"http:\/\/www.osteopathie-wirthwein.de\/wordpress\/?page_id=26"},"modified":"2025-01-19T10:44:03","modified_gmt":"2025-01-19T09:44:03","slug":"kontakt","status":"publish","type":"page","link":"https:\/\/www.osteopathie-wirthwein.de\/?page_id=26","title":{"rendered":"Kontakt"},"content":{"rendered":"<h3>Institut f\u00fcr Entwicklungsf\u00f6rderung<\/h3>\n<h4>Osteopathie Zentrum Rimbach<\/h4>\n<address>Petra Wirthwein<\/address>\n<address>Staatsstra\u00dfe 51<\/address>\n<address>64668 Rimbach \/Odw<\/address>\n<address>&nbsp;<\/address>\n<address>Telefon: 06253&nbsp;\/ 85500<\/address>\n<address>Email: Petra@osteopathie-wirthwein.de<\/address>\n<address>&nbsp;<\/address>\n<p><iframe loading=\"lazy\" src=\"https:\/\/maps.google.de\/maps?f=q&amp;source=s_q&amp;hl=de&amp;geocode=&amp;q=Petra+Wirthwein,+Staatsstra%C3%9Fe,+Rimbach&amp;aq=0&amp;oq=petra+wirth&amp;sll=50.526531,9.004394&amp;sspn=6.97864,13.392334&amp;t=h&amp;ie=UTF8&amp;hq=Petra+Wirthwein,&amp;hnear=Staatsstra%C3%9Fe,+64668+Rimbach,+Hessen&amp;ll=49.626294,8.757005&amp;spn=0.006672,0.013733&amp;z=16&amp;iwloc=A&amp;output=embed\" width=\"425\" height=\"350\" frameborder=\"0\" marginwidth=\"0\" marginheight=\"0\" scrolling=\"no\"><\/iframe><br \/>\n<small><a style=\"color: #0000ff; text-align: left;\" href=\"https:\/\/maps.google.de\/maps?f=q&amp;source=embed&amp;hl=de&amp;geocode=&amp;q=Petra+Wirthwein,+Staatsstra%C3%9Fe,+Rimbach&amp;aq=0&amp;oq=petra+wirth&amp;sll=50.526531,9.004394&amp;sspn=6.97864,13.392334&amp;t=h&amp;ie=UTF8&amp;hq=Petra+Wirthwein,&amp;hnear=Staatsstra%C3%9Fe,+64668+Rimbach,+Hessen&amp;ll=49.626294,8.757005&amp;spn=0.006672,0.013733&amp;z=16&amp;iwloc=A\">Gr\u00f6\u00dfere Kartenansicht<\/a><\/small><\/p>\n","protected":false},"excerpt":{"rendered":"<p>Institut f\u00fcr Entwicklungsf\u00f6rderung Osteopathie Zentrum Rimbach Petra Wirthwein Staatsstra\u00dfe 51 64668 Rimbach \/Odw &nbsp; Telefon: 06253&nbsp;\/ 85500 Email: Petra@osteopathie-wirthwein.de &nbsp; Gr\u00f6\u00dfere Kartenansicht<\/p>\n","protected":false},"author":4,"featured_media":0,"parent":0,"menu_order":0,"comment_status":"closed","ping_status":"closed","template":"","meta":{"ngg_post_thumbnail":0,"footnotes":""},"class_list":["post-26","page","type-page","status-publish","hentry"],"_links":{"self":[{"href":"https:\/\/www.osteopathie-wirthwein.de\/index.php?rest_route=\/wp\/v2\/pages\/26","targetHints":{"allow":["GET"]}}],"collection":[{"href":"https:\/\/www.osteopathie-wirthwein.de\/index.php?rest_route=\/wp\/v2\/pages"}],"about":[{"href":"https:\/\/www.osteopathie-wirthwein.de\/index.php?rest_route=\/wp\/v2\/types\/page"}],"author":[{"embeddable":true,"href":"https:\/\/www.osteopathie-wirthwein.de\/index.php?rest_route=\/wp\/v2\/users\/4"}],"replies":[{"embeddable":true,"href":"https:\/\/www.osteopathie-wirthwein.de\/index.php?rest_route=%2Fwp%2Fv2%2Fcomments&post=26"}],"version-history":[{"count":13,"href":"https:\/\/www.osteopathie-wirthwein.de\/index.php?rest_route=\/wp\/v2\/pages\/26\/revisions"}],"predecessor-version":[{"id":1402,"href":"https:\/\/www.osteopathie-wirthwein.de\/index.php?rest_route=\/wp\/v2\/pages\/26\/revisions\/1402"}],"wp:attachment":[{"href":"https:\/\/www.osteopathie-wirthwein.de\/index.php?rest_route=%2Fwp%2Fv2%2Fmedia&parent=26"}],"curies":[{"name":"wp","href":"https:\/\/api.w.org\/{rel}","templated":true}]}}