{"id":1357,"date":"2023-11-16T10:20:27","date_gmt":"2023-11-16T09:20:27","guid":{"rendered":"https:\/\/www.osteopathie-wirthwein.de\/?page_id=1357"},"modified":"2024-03-23T09:40:31","modified_gmt":"2024-03-23T08:40:31","slug":"dentosophie","status":"publish","type":"page","link":"https:\/\/www.osteopathie-wirthwein.de\/?page_id=1357","title":{"rendered":"Dentosophie-Osteosophie"},"content":{"rendered":"\n<p>Dentosophie-Osteosophie<\/p>\n\n\n\n<p>Chronisch belastet? Allergie-Schmerzen-Schnarchen-Schlafapnoe?<\/p>\n\n\n\n<p>Oder doch lieber-<\/p>\n\n\n\n<p>&nbsp;Harmonie-Gleichgewicht-Sch\u00f6nheit.<\/p>\n\n\n\n<p>&nbsp;Zusammen mit den Grundlagen urs\u00e4chlicher Entstehungsweisen vieler &nbsp;Beschwerden.<\/p>\n\n\n\n<p>Eine weitestgehend unbekannte, aus Frankreich stammende Methode, den Atem-Saug-Kau und Schluckapparat ins Gleichgewicht zu bringen.<\/p>\n\n\n\n<p>Diese Funktionen sind \u00fcberlebenswichtig, in der Fr\u00fchentwicklung des Embryos als Anlage Initial erkennbar. Die gute Entwicklung &nbsp;dieses Systems ist entscheidend f\u00fcr alle weitern Entwicklungsstufen. Fehler in diesen sensiblen Strukturen, k\u00f6nnen nach der Geburt zu erheblichen Entwicklungshindernissen f\u00fchren. Die Nasenatmung entscheidet nicht nur &nbsp;die Entwicklung der Nasennebenh\u00f6hlen, genauso wie die Drainage der Schleimh\u00e4ute im Bereich der Ohren und die Bewegung der Sch\u00e4delknochen. Die Folgen sind ein hoher Gaumen, und damit&nbsp; einhergehend &nbsp;weniger Platz f\u00fcr die bleibenden Z\u00e4hne. Die Folgen sind h\u00e4ufige Infekte, Verdauungsst\u00f6rungen, Allergie und Unvertr\u00e4glichkeiten, verz\u00f6gerte Sprachentwicklung, sowie nicht selten notwendige Ohroperationen wegen Fl\u00fcssigkeitsansammlung hinter dem Trommelfell. Sp\u00e4ter zeigen diese Kinder &nbsp;oft Unruhen, Konzentration und Lernst\u00f6rungen.<\/p>\n\n\n\n<p>Beim Erwachsenen Patienten sind es die gleichen Symptome, die dann zu Syndromen werden k\u00f6nnen, gekoppelt mit Schmerzen, Haltungsst\u00f6rungen, CMD, fr\u00fcher Zahnverlust wegen nicht idealer Bisslage. Die klassische Kieferorthop\u00e4die &nbsp;adressiert lediglich am Zahn, ist jedoch nur zu 30 % erfolgreich und bedingt zuweilen &nbsp;die Extraktion gesunder Z\u00e4hne, sowie eine feste bleibende Retainerschiene um ein zur\u00fcckwandern der Z\u00e4hne zu verhindern. Chronische Probleme sind nicht selten die Folge. Zahnverlust durch einen gelockerten Zahnhalteapparat, Paradontitis, Bruxismus,&nbsp; chronische Schmerzen, machen h\u00e4ufig eine Dauerbehandlung notwendig.<\/p>\n\n\n\n<p>Entwicklung zur Osteosophie<\/p>\n\n\n\n<p>Die Entwicklung zur Osteosophie ist, unter Einbeziehung des Balancer-Systems &nbsp;ein &nbsp;Reset aller nicht, oder nicht vollst\u00e4ndig integrierten Bewegungsabl\u00e4ufe, sprich fr\u00fchkindliche Reflexe werden integriert und somit eine bestm\u00f6gliche &nbsp;\u00f6konomische Aufrichtung und Bewegung geschaffen. &nbsp;Die vollst\u00e4ndige posturale Reifung wird somit unterst\u00fctzt.<\/p>\n\n\n\n<p>Schon sehr lange habe ich als Osteopathin nach einer M\u00f6glichkeit gesucht, bei komplexen Schmerzzust\u00e4nden Patienten eine \u00dcbungsm\u00f6glichkeit und Korrektur an die Hand zu geben. Diese M\u00f6glichkeit habe ich mit dem Balance-System gefunden. Dadurch ist eine\u00a0 Haltungsverbesserung m\u00f6glich, die dann eine Beeinflussung\u00a0 von Verspannungen, Migr\u00e4ne, Kopfschmerzen usw. bewirken kann.\u00a0 Das\u00a0 Balance-System \u00a0unterst\u00fctzt die Sch\u00e4delbewegungen, verbessert die Drainage. Die \u00a0Nasenatmung \u2013Kau und Schluckbewegung \u00a0wird ge\u00fcbt. Bauchbeschwerden k\u00f6nnen anhand einer physiologischen Kau und Schluckbewegung ebenso verbessert werden wie Gewichtsprobleme, weil das gesamte Verdauungssystem lernt, physiologisch zu funktionieren. Denken, Konzentration und ein entspanntes aufgerichtet sein f\u00f6rdert das Wohlbefinden auf allen Ebenen.<\/p>\n\n\n\n<p><\/p>\n","protected":false},"excerpt":{"rendered":"<p>Dentosophie-Osteosophie Chronisch belastet? Allergie-Schmerzen-Schnarchen-Schlafapnoe? Oder doch lieber- &nbsp;Harmonie-Gleichgewicht-Sch\u00f6nheit. &nbsp;Zusammen mit den Grundlagen urs\u00e4chlicher Entstehungsweisen vieler &nbsp;Beschwerden. Eine weitestgehend unbekannte, aus Frankreich stammende Methode, den Atem-Saug-Kau und Schluckapparat ins Gleichgewicht zu bringen. Diese Funktionen sind \u00fcberlebenswichtig, in der Fr\u00fchentwicklung des Embryos als Anlage Initial erkennbar. Die gute Entwicklung &nbsp;dieses Systems ist entscheidend f\u00fcr alle weitern Entwicklungsstufen. &hellip; <a href=\"https:\/\/www.osteopathie-wirthwein.de\/?page_id=1357\" class=\"more-link\"><span class=\"screen-reader-text\">Dentosophie-Osteosophie<\/span> weiterlesen <span class=\"meta-nav\">&rarr;<\/span><\/a><\/p>\n","protected":false},"author":2,"featured_media":0,"parent":0,"menu_order":0,"comment_status":"closed","ping_status":"closed","template":"","meta":{"ngg_post_thumbnail":0,"footnotes":""},"class_list":["post-1357","page","type-page","status-publish","hentry"],"_links":{"self":[{"href":"https:\/\/www.osteopathie-wirthwein.de\/index.php?rest_route=\/wp\/v2\/pages\/1357","targetHints":{"allow":["GET"]}}],"collection":[{"href":"https:\/\/www.osteopathie-wirthwein.de\/index.php?rest_route=\/wp\/v2\/pages"}],"about":[{"href":"https:\/\/www.osteopathie-wirthwein.de\/index.php?rest_route=\/wp\/v2\/types\/page"}],"author":[{"embeddable":true,"href":"https:\/\/www.osteopathie-wirthwein.de\/index.php?rest_route=\/wp\/v2\/users\/2"}],"replies":[{"embeddable":true,"href":"https:\/\/www.osteopathie-wirthwein.de\/index.php?rest_route=%2Fwp%2Fv2%2Fcomments&post=1357"}],"version-history":[{"count":11,"href":"https:\/\/www.osteopathie-wirthwein.de\/index.php?rest_route=\/wp\/v2\/pages\/1357\/revisions"}],"predecessor-version":[{"id":1393,"href":"https:\/\/www.osteopathie-wirthwein.de\/index.php?rest_route=\/wp\/v2\/pages\/1357\/revisions\/1393"}],"wp:attachment":[{"href":"https:\/\/www.osteopathie-wirthwein.de\/index.php?rest_route=%2Fwp%2Fv2%2Fmedia&parent=1357"}],"curies":[{"name":"wp","href":"https:\/\/api.w.org\/{rel}","templated":true}]}}