{"id":135,"date":"2012-12-02T16:43:14","date_gmt":"2012-12-02T15:43:14","guid":{"rendered":"http:\/\/www.osteopathie-wirthwein.de\/wordpress\/?page_id=135"},"modified":"2019-07-29T12:54:18","modified_gmt":"2019-07-29T11:54:18","slug":"vortrage","status":"publish","type":"page","link":"https:\/\/www.osteopathie-wirthwein.de\/?page_id=135","title":{"rendered":"Vortr\u00e4ge"},"content":{"rendered":"<p>Hier finden Sie Vortr\u00e4ge zu ausgew\u00e4hlten Themen, die vielleicht Ihr Interesse wecken k\u00f6nnten:<\/p>\n<h4>Biologisches Dekodieren<\/h4>\n<h4>oder was ich daraus entwickelt habe<\/h4>\n<address>Ein Vortrag von Petra Wirthwein D.O.M.R.O<\/address>\n<p>Urspr\u00fcnglich entwickelt von Dr. Claude Sabbah, aus Frankreich, wo die Methode seit vielen Jahren angewendet wird. Das Dekodieren ist keine Therapie, jedoch gibt es M\u00f6glichkeit die Hintergr\u00fcnde einer Erkrankung oder eines Symptoms aus der Sicht unserer fr\u00fchen Programmierung zu betrachten. Unser Nervensystem macht in jeder Situation die optimale L\u00f6sung, die immer am \u00dcberleben orientiert ist, also biologisch.<\/p>\n<p>Der \u201etherapeutische Eingriff\u201c findet unabh\u00e4ngig und oft komplement\u00e4r zu der medizinisch bestm\u00f6glichen Behandlung statt. Frau Angela Frauenkorn-Hoffmann hat das biologische Dekodieren im deutschsprachigen Raum etabliert.<\/p>\n<p>Wir wissen das unsere Programme schon in utero, bez. schon vor unserer Zeugung beginnen, (Bruce Lipton Zellbiologe, die DVD Wie wir werden, was wir sind) n\u00e4mlich durch die Verhaltensweise unserer Eltern, angepasst an die Faktoren der Umgebung, die sich ebenso auf unser Erbgut auswirken, weil die Natur immer versucht einen Vorsprung zu haben, um auf die Umgebungsfaktoren vorbereitet zu sein. Seine Arbeit best\u00e4tigt dass unsere Gene zu 50% und unsere Umgebung ebenso 50% unserer Pr\u00e4gung machen.<\/p>\n<p>F\u00fcr mich war das biologische Dekodieren ein gro\u00dfer Schl\u00fcssel in der Behandlung von Schulkindern. Ich stie\u00df darauf, als ich mir \u00fcberlegte, warum heute so viele Sch\u00fcler mit mindestens durchschnittlicher Begabung, in derSchule tagt\u00e4glich eine totale Katastrophe erleben. Von Verhaltensauff\u00e4lligkeiten, bis Totalausfall bei den Klausuren.<\/p>\n<p>Sich immer wiederholende Verhaltensweisen, die weder mit \u00dcbung, noch den \u00fcblichen erzieherischen Ma\u00dfnahmen, zu bew\u00e4ltigen waren.<\/p>\n<p>Spannend f\u00fcr mich war die Erkenntnis, dass unsere sp\u00e4teren Verhaltensweisen von drei m\u00e4chtigen Erlebnissen beherrscht werden, die dann als Programme fest installiert immer absolute Pr\u00e4senz haben. Als erstes die Konzeption, zweitens \u2013das Bemerken der Schwangerschaft (wie gehen die werdenden Eltern damit um), das bedeutendste Erlebnis stellt unsere Geburt dar.<\/p>\n<p>Unser Verhalten ist bis zu der Dekodierung absolut von derArt wie wir diese Erlebnisse abgespeichert haben, abh\u00e4ngig. Die Konzeption ist unsere erste Ignition, die Geburt die Zweite. Wir wissen aus den Behandlungen von Neugeborenen, das die Ignition der Geburt durch vielerlei Beeinflussung w\u00e4hrend der Schwangerschaft und der Geburt, der Grund f\u00fcr die osteopathische Behandlung ist.<\/p>\n<p>Das Kind in utero kennt nicht ich, du, er sie, es, sondern ausschlie\u00dflich, ich. D.h. alles was die Mutter in der Schwangerschaft erlebt, bezieht das Kindauf sich. Stress mit Arbeitgeber, Kollegen, aber auch Untersuchungen wie Ultraschall sind f\u00fcr das Kind extreme Belastungen und Anforderungen. Dem Schallpegel ausgesetzt, aber auch den Bewertungen wie, zu gro\u00df, zu klein, wird das Kind normal geboren werden k\u00f6nnen, bis hin zum mehrfach korrigierten Geburtstermin, sind f\u00fcr unsere Kinder in dieser Zeit eine Sonderleistungspr\u00fcfung.<\/p>\n<p>Die Amnioskopie steht noch mal unter einem gesonderten Aspekt, n\u00e4mlich: Ich bin nur gew\u00fcnscht, wenn ich gesund bin! Abgesehen von der einengenden Angst der Eltern bis zum Ergebnis, mit der eventuellen Notwendigkeit einer Entscheidung (daraus folgen m\u00f6gliche Sabotage-Programme).<\/p>\n<p>All diese Pr\u00e4gungen haben direkten Einfluss auf unser sp\u00e4teres Verhalten. Diese Ausf\u00fchrungen stellen die Situation des Kindes dar und keine Bewertung der werdenden Eltern oder deren Verhalten.<\/p>\n<p>Kommen wir nun zu unserem bedeutendsten Erlebnis, der Geburt. Die Geburt ist mit Abstand die gef\u00e4hrlichste und schmerzhafteste Erfahrung unseres Lebens. Das Interessante ist, dass die Institution Schule repr\u00e4sentativ f\u00fcr das Krankenhaus, sowie die Lehrer repr\u00e4sentativ f\u00fcr die Gyn\u00e4kologen und Hebammen, stehen. Das bedeutet, dass wir tagt\u00e4glich in der Schule das programmierte Muster unserer Geburt reproduzieren. Unser K\u00f6rpersystem hat genau dieses Verhaltensmuster als erfolgreich abgespeichert und h\u00e4lt nichts anderes f\u00fcr m\u00f6glich.<\/p>\n<p>Eingeleitete Geburten, Zange oder Saugglocke, Kaiserschnitt. Unter dem Thema sanfte Geburt w\u00e4re zu erw\u00e4hnen, dass diese nur f\u00fcr die werdenden M\u00fctter zutrifft. Aber auch ohne diese h\u00e4ufigen Hilfsmittel muss so manches Hindernis \u00fcberwunden werden. So wie wir unsere Geburt erlebt haben, sind unsere Erwartungen im Leben, bez. ich werde mir immer wieder genau dieses Muster kreieren, weil eben dieses Muster als erfolgreich in meinem System geankert ist.<\/p>\n<h5>Einige Beispiele aus der Praxis:<\/h5>\n<ol>\n<li>&nbsp;Nikola kann keine Klausur bis zum Ende schreiben, immer im letzten Viertel der Klausur bricht er ab. Es ist seine biologische L\u00f6sung auf die Geburt, weil: Die Schwangerschaft wurde in der 36. Woche per Sectio beendet, weil das Kind laut Ultraschall viel zu gro\u00df und deshalb nicht weiter ausgetragen werden sollte. Sein System hat gespeichert \u201e Wenn ich fertig werde wird es bedrohlich\u201c. Weitere Muster des per Sectio geborenen Kindes sind, ich mache nichts von alleine. Diese Kinder werden oft ab dem 3.Schuljahr auff\u00e4llig, weil dann die Lehrer eigenst\u00e4ndiges Arbeiten einfordern, der Sch\u00fcler dann aber erwartet Initiative von Au\u00dferhalb.<\/li>\n<li>Martin, Amnioskopie weil die Mutter \u00fcber 35 Jahre alt ist, Geburt eingeleitet, weil angeblich \u00fcbertragen, Geburtsdauer mit Dauerwehentropf und Fruchtblasen\u00f6ffnung durch den Gyn\u00e4kologen \u00fcber 30 Stunden, am Ende kam die Zange zum Einsatz. Der Junge hat viele Entwicklungsprobleme gezeigt, u.a. ist er nie gekrabbelt, kommt im Alter von 18 Jahren in meine Praxis, weil er unbedingt den F\u00fchrerschein machen, bez. endlich bestehen m\u00f6chte. Sein Muster\u201c es ist alles ganz schwer, dauert ganz lange und am Ende versage ich, ich gebe resigniert auf\u201c.<\/li>\n<\/ol>\n<p>Alle genannten Beispiele sind aus meiner Praxis und begegnen uns im Alltag ganz h\u00e4ufig. Jeder von uns hat seine \u201eEindr\u00fccke\u201c, seine L\u00f6sungenund damit seine besonderen Verhaltensweisen, die unserem Umfeld durchaus als typische Besonderheit oder Macke bekannt sind.<\/p>\n<h5>Unser Familiensystem gleicht einer Liebesgeschichte<\/h5>\n<p>Systemisch ist zu erw\u00e4hnen, dass die Eltern die erste Pr\u00e4gung in der Zeit von der Konzeption bis zum Ende des zweiten Lebensjahres machen. Hier bekommen wir unsere Programme durch die Verhaltensweise der Eltern. Wo wir auch unser Selbstbild pr\u00e4gen.<\/p>\n<p>Die emotionale Pr\u00e4gung bekommen wir durch unsere Gro\u00dfeltern, egal ob pr\u00e4sent oder nicht.<\/p>\n<p>Die \u00dcberzeugungen und Weltanschauungen \u00fcbernehmen wir von unseren Urgro\u00dfeltern. Oh weh! Dies ist unser Familiensystem und im Heute sehr deutlich, weil wir erstmalig eine wunderbare M\u00f6glichkeit der Aufl\u00f6sung alter Familienmuster haben.<\/p>\n<p>Wie sehr wir in diesen alten l\u00e4ngst hinf\u00e4lligen endlosen Wiederholungen sind, k\u00f6nnen wirerst erkennen wenn diese Illusionen gel\u00f6st sind. (Programme im Familiensystem sind h\u00e4ufig Krankheiten, gleiche Beziehungsmuster usw.)<\/p>\n<h5>&nbsp;Und all das dient unserem \u00dcberleben<\/h5>\n<p>Das Dekodieren dieser Programme schafft Freiheit und Wahlm\u00f6glichkeit.&nbsp;Die Wahl die unser Leben ganz schnell in die F\u00fclle und die Kreativit\u00e4t bringt. Das Dekodieren gibt eine M\u00f6glichkeit ganz bewusst alte Verhaltensmuster zu ver\u00e4ndern.<\/p>\n<h5>&nbsp;Das Wesen der Miasmen<\/h5>\n<p>Samuel Hahnemann hat als erster die Miasmen beschrieben. Alle heute bekannten, bez. beschrieben Erkrankungen k\u00f6nnen auf die f\u00fcnf Erbmiasmen zur\u00fcckgef\u00fchrt werden.<\/p>\n<ul>\n<li>Psora &#8211; Mangelmiasma<br \/>\nDie Urerkrankung ist die Kr\u00e4tze<br \/>\nauf der k\u00f6rperlichen Ebene zeigen sich Hauterkrankungen, Entwicklungsst\u00f6rungen,<br \/>\nauf der geistigen Ebene zeigt sich die Psoramit Sprunghaftigkeit, leichte Entkr\u00e4ftung bei geistiger Arbeit, Unkonzentriertheit, \u00c4ngste.<\/li>\n<li>Sykose &#8211; \u00dcberschussmiasma<br \/>\nDie Urerkrankung ist die Gonorrhoe<br \/>\nauf der k\u00f6rperlichen Ebene zeigen sich Polypen, Warzen, Wucherungen, eitrige Erkrankungen, Steinbildung.<br \/>\nDer Sykotische Mensch neigt zu Egomanie.<\/li>\n<li>Syphilis &#8211; destruktives Miasma<br \/>\nUlcera, Osteoporose, MS, psychische Erkrankungen, Alzheimer, Sucht, Suizidtendenzen<br \/>\nauf der geistigen Ebene findet man die Steigerung der Sykose, Machtaus\u00fcbung und R\u00fccksichtslosigkeit. Es fehlen die Weisheit und die Liebe.<\/li>\n<li>Tuberkulose<br \/>\nAllergien, chron. Otitiden, \u00d6deme und Aszitis<br \/>\nGeistige Ebene zeigt sich&nbsp;Angst (panische Angst vor Hunden)\u2026., Ruhelosigkeit<\/li>\n<li>Carcinose<br \/>\nNeigung zu Tumorenbildung<br \/>\nauf der geistigen Ebene erfolgt die Manipulation seiner Mitmenschen<\/li>\n<\/ul>\n<p>Heute haben wir zwei weitere Miasmen, n\u00e4mlich Lyssin und Ambrosia, wobei Lyssin die Pseudo-Syphilis und Ambrosia die Pseudo-Sykose darstellt.<\/p>\n<p>Ich besch\u00e4ftige mich seit langer Zeit mit dem Thema <strong>Gesundheit und Angstfreiheit<\/strong>.<\/p>\n<p>In der Natur ist Krankheit nicht vorgesehen. Krankheit bedeutet die Abwesenheit des G\u00f6ttlichen. Wir haben nun die M\u00f6glichkeit nochmals tiefere Testungen zu machen und die oft \u00fcber Generationen weitergegebene Belastung, zu kurieren. Da wir s\u00e4mtliche miasmatischen Belastungen in uns tragen (ohne an einer dieser Erkrankungen jemals erkrankt gewesen zu sein oder bekommen zu m\u00fcssen), kann bis in die DNA eine sanfte und nachhaltige Heilung zustande kommen.<\/p>\n","protected":false},"excerpt":{"rendered":"<p>Hier finden Sie Vortr\u00e4ge zu ausgew\u00e4hlten Themen, die vielleicht Ihr Interesse wecken k\u00f6nnten: Biologisches Dekodieren oder was ich daraus entwickelt habe Ein Vortrag von Petra Wirthwein D.O.M.R.O Urspr\u00fcnglich entwickelt von Dr. Claude Sabbah, aus Frankreich, wo die Methode seit vielen Jahren angewendet wird. Das Dekodieren ist keine Therapie, jedoch gibt es M\u00f6glichkeit die Hintergr\u00fcnde einer &hellip; <a href=\"https:\/\/www.osteopathie-wirthwein.de\/?page_id=135\" class=\"more-link\"><span class=\"screen-reader-text\">Vortr\u00e4ge<\/span> weiterlesen <span class=\"meta-nav\">&rarr;<\/span><\/a><\/p>\n","protected":false},"author":4,"featured_media":0,"parent":0,"menu_order":3,"comment_status":"closed","ping_status":"closed","template":"","meta":{"ngg_post_thumbnail":0,"footnotes":""},"class_list":["post-135","page","type-page","status-publish","hentry"],"_links":{"self":[{"href":"https:\/\/www.osteopathie-wirthwein.de\/index.php?rest_route=\/wp\/v2\/pages\/135","targetHints":{"allow":["GET"]}}],"collection":[{"href":"https:\/\/www.osteopathie-wirthwein.de\/index.php?rest_route=\/wp\/v2\/pages"}],"about":[{"href":"https:\/\/www.osteopathie-wirthwein.de\/index.php?rest_route=\/wp\/v2\/types\/page"}],"author":[{"embeddable":true,"href":"https:\/\/www.osteopathie-wirthwein.de\/index.php?rest_route=\/wp\/v2\/users\/4"}],"replies":[{"embeddable":true,"href":"https:\/\/www.osteopathie-wirthwein.de\/index.php?rest_route=%2Fwp%2Fv2%2Fcomments&post=135"}],"version-history":[{"count":11,"href":"https:\/\/www.osteopathie-wirthwein.de\/index.php?rest_route=\/wp\/v2\/pages\/135\/revisions"}],"predecessor-version":[{"id":1109,"href":"https:\/\/www.osteopathie-wirthwein.de\/index.php?rest_route=\/wp\/v2\/pages\/135\/revisions\/1109"}],"wp:attachment":[{"href":"https:\/\/www.osteopathie-wirthwein.de\/index.php?rest_route=%2Fwp%2Fv2%2Fmedia&parent=135"}],"curies":[{"name":"wp","href":"https:\/\/api.w.org\/{rel}","templated":true}]}}