{"id":121,"date":"2012-12-02T16:05:06","date_gmt":"2012-12-02T15:05:06","guid":{"rendered":"http:\/\/www.osteopathie-wirthwein.de\/wordpress\/?page_id=121"},"modified":"2019-07-29T12:47:18","modified_gmt":"2019-07-29T11:47:18","slug":"kinesiologie","status":"publish","type":"page","link":"https:\/\/www.osteopathie-wirthwein.de\/?page_id=121","title":{"rendered":"Kinesiologie"},"content":{"rendered":"<p>Der Name geht zur\u00fcck auf \u201ekinesis\u201c, das griechische Wort f\u00fcr Bewegung. Medizinisch gesehen w\u00fcrde man darunter die Bewegungslehre und Untersuchung der Muskeln verstehen.<br \/>\nAngewandte Kinesiologie meint hier jedoch eine neue, sehr innovative Methode, k\u00f6rpereigene (neuromuskul\u00e4re) Feedbacksysteme geschickt zu nutzen, um so oft verbl\u00fcffend einfach pr\u00e4zise Aussagen \u00fcber energetische und biochemische Vorg\u00e4nge im K\u00f6rper zu erhalten.<\/p>\n<p>Seine Entdeckung gr\u00fcndet auf Erfahrungen und Untersuchungen des amerikanischen Chiropraktikers Dr. George Goodheart. Er beobachtete, dass sich physische wie psychische Vorg\u00e4nge im Menschen u.a. auch im Funktionszustand seiner Muskeln widerspiegeln. Daraufhin entwickelte er 1964 ein einfaches Testverfahren, mit dem man in der Lage ist, Muskelfunktionen ohne Zuhilfenahme von technischen Apparaturen zu erfassen und zu beurteilen.<\/p>\n<p>Auf der Basis des sog. \u201eMuskeltestens\u201c gelingt dem Kinesiologen eine direkte \u201eBefragung\u201c des K\u00f6rpers. Das Feedback erh\u00e4lt er vom K\u00f6rper direkt: \u00dcber das Gehirn und das autonome Nervensystem gesteuert zeigt der gerade angesprochene Muskel eine normale Reaktion oder eben nicht.<\/p>\n<p>Wie Goodheart zeigte, l\u00e4sst diese Reaktion R\u00fcckschl\u00fcsse zu auf bestimmte, dem jeweiligen Muskel zugeordnete Funktionen im K\u00f6rper wie auch Emotionen oder Gedankenmuster.<\/p>\n","protected":false},"excerpt":{"rendered":"<p>Der Name geht zur\u00fcck auf \u201ekinesis\u201c, das griechische Wort f\u00fcr Bewegung. Medizinisch gesehen w\u00fcrde man darunter die Bewegungslehre und Untersuchung der Muskeln verstehen. Angewandte Kinesiologie meint hier jedoch eine neue, sehr innovative Methode, k\u00f6rpereigene (neuromuskul\u00e4re) Feedbacksysteme geschickt zu nutzen, um so oft verbl\u00fcffend einfach pr\u00e4zise Aussagen \u00fcber energetische und biochemische Vorg\u00e4nge im K\u00f6rper zu erhalten. &hellip; <a href=\"https:\/\/www.osteopathie-wirthwein.de\/?page_id=121\" class=\"more-link\"><span class=\"screen-reader-text\">Kinesiologie<\/span> weiterlesen <span class=\"meta-nav\">&rarr;<\/span><\/a><\/p>\n","protected":false},"author":4,"featured_media":0,"parent":88,"menu_order":3,"comment_status":"closed","ping_status":"closed","template":"","meta":{"ngg_post_thumbnail":0,"footnotes":""},"class_list":["post-121","page","type-page","status-publish","hentry"],"_links":{"self":[{"href":"https:\/\/www.osteopathie-wirthwein.de\/index.php?rest_route=\/wp\/v2\/pages\/121","targetHints":{"allow":["GET"]}}],"collection":[{"href":"https:\/\/www.osteopathie-wirthwein.de\/index.php?rest_route=\/wp\/v2\/pages"}],"about":[{"href":"https:\/\/www.osteopathie-wirthwein.de\/index.php?rest_route=\/wp\/v2\/types\/page"}],"author":[{"embeddable":true,"href":"https:\/\/www.osteopathie-wirthwein.de\/index.php?rest_route=\/wp\/v2\/users\/4"}],"replies":[{"embeddable":true,"href":"https:\/\/www.osteopathie-wirthwein.de\/index.php?rest_route=%2Fwp%2Fv2%2Fcomments&post=121"}],"version-history":[{"count":1,"href":"https:\/\/www.osteopathie-wirthwein.de\/index.php?rest_route=\/wp\/v2\/pages\/121\/revisions"}],"predecessor-version":[{"id":122,"href":"https:\/\/www.osteopathie-wirthwein.de\/index.php?rest_route=\/wp\/v2\/pages\/121\/revisions\/122"}],"up":[{"embeddable":true,"href":"https:\/\/www.osteopathie-wirthwein.de\/index.php?rest_route=\/wp\/v2\/pages\/88"}],"wp:attachment":[{"href":"https:\/\/www.osteopathie-wirthwein.de\/index.php?rest_route=%2Fwp%2Fv2%2Fmedia&parent=121"}],"curies":[{"name":"wp","href":"https:\/\/api.w.org\/{rel}","templated":true}]}}